{"id":174,"date":"2006-06-23T16:52:00","date_gmt":"2006-06-23T14:52:00","guid":{"rendered":"https:\/\/zabal.net\/?page_id=174"},"modified":"2024-02-24T10:20:24","modified_gmt":"2024-02-24T09:20:24","slug":"__trashed-2","status":"publish","type":"page","link":"https:\/\/zabal.net\/index.php\/__trashed-2\/","title":{"rendered":"Dartkam \u00c9ditions, de 2004 \u00e0 2006, \u00e9dition de 4 livres jeux."},"content":{"rendered":"\n<p class=\"has-text-align-center\" style=\"font-size:28px\">Pr\u00e9sentation de la collection Histoires \u00e0 suivre&#8230;<\/p>\n\n\n\n<p><strong>Un roman, un univers et un jeu de r\u00f4les dans le m\u00eame livre<\/strong>.<\/p>\n\n\n\n<p>Combien d\u2019histoires nous ont fait r\u00eaver, depuis nos premiers souvenirs de lecture jusqu\u2019\u00e0 aujourd\u2019hui ? Nous avons visit\u00e9 des centaines de lieux, approch\u00e9 de nombreux personnages et v\u00e9cu, gr\u00e2ce \u00e0 eux, des moments inoubliables. Notre m\u00e9moire fourmille encore d\u2019images, de sons, d\u2019odeurs et d\u2019\u00e9motions ramen\u00e9es de ces voyages dans les royaumes de l\u2019imaginaire.<\/p>\n\n\n\n<p>Nous \u00e9tions de passage, spectateurs de mondes fig\u00e9s et \u00e9ternels, marchant sur des routes d\u00e9j\u00e0 trac\u00e9es dont on ne pouvait s\u2019\u00e9carter. Assis aux premi\u00e8res loges, nous avons assist\u00e9, impuissants, aux p\u00e9rip\u00e9ties de ceux que nous r\u00eavions d\u2019\u00eatre. Puis, la derni\u00e8re page tourn\u00e9e, le retour sur terre \u00e9tait in\u00e9vitable.<\/p>\n\n\n\n<p>Pourtant, ces mondes continuent de vivre. Les histoires que nous avons lues n\u2019\u00e9taient que des gouttes d\u2019eau perdues au milieu d\u2019un oc\u00e9an d\u2019aventures imaginables. D\u2019autres chemins existent. Pourquoi ne pas les emprunter ?<\/p>\n\n\n\n<p><strong>Le jeu de r\u00f4les<\/strong> :<\/p>\n\n\n\n<p>R\u00e9unissez quelques amis autour d\u2019une table et vivez des aventures inoubliables. Ensemble vous franchirez les fronti\u00e8res du temps et de l\u2019espace. Vous visiterez des lieux magiques et ferez la connaissance de personnages extraordinaires.<\/p>\n\n\n\n<p>Vous avez, jusque l\u00e0, suivi passivement les traces du protagoniste. D\u00e9sormais vous \u00eates libre. Libre de choisir votre chemin. Libre d\u2019agir comme bon vous semble dans ce monde dont vous poss\u00e9derez bient\u00f4t les cl\u00e9s.<\/p>\n\n\n\n<p>Avant de commencer l\u2019aventure, l\u2019un d\u2019entre vous devra endosser le r\u00f4le de meneur de jeu. C\u2019est le narrateur, le passeur, le commandant de bord. Sa t\u00e2che est de premi\u00e8re importance. Il vous fera voyager gr\u00e2ce \u00e0 ses talents de conteur et devra prendre les d\u00e9cisions justes face aux actions des joueurs.<\/p>\n\n\n\n<p>Tout le monde est l\u00e0 ? Le meneur de jeu a assimil\u00e9 les r\u00e8gles et conna\u00eet le sc\u00e9nario ? Chaque joueur a entre les mains sa feuille de personnage ? Des d\u00e9s, du papier et des crayons sont pr\u00e9sents sur la table ? Alors vous \u00eates pr\u00eats ! Ouvrez les oreilles et laissez votre imagination faire le reste.<\/p>\n\n\n\n<p class=\"has-text-align-left\" style=\"font-size:28px\"><strong>Secretum Templi<\/strong> de Guillaume Fioleau et Adrien Pen-Penic<\/p>\n\n\n<div class=\"wp-block-image\">\n<figure class=\"aligncenter size-full\"><img loading=\"lazy\" width=\"354\" height=\"566\" src=\"https:\/\/zabal.net\/wp-content\/uploads\/2024\/02\/COUV_SECRETUM_TEMPLI.jpg\" alt=\"\" class=\"wp-image-186\" srcset=\"https:\/\/zabal.net\/wp-content\/uploads\/2024\/02\/COUV_SECRETUM_TEMPLI.jpg 354w, https:\/\/zabal.net\/wp-content\/uploads\/2024\/02\/COUV_SECRETUM_TEMPLI-188x300.jpg 188w\" sizes=\"(max-width: 354px) 100vw, 354px\" \/><\/figure><\/div>\n\n\n<p>Devant les colossales murailles qui prot\u00e8gent la cit\u00e9 de Saint\u2011Jean d\u2019Acre, les soldats mamelouks pr\u00e9parent l\u2019offensive. Arriv\u00e9e en masse de tout l\u2019Orient, \u00e9paul\u00e9e par de redoutables machines de si\u00e8ge, l\u2019arm\u00e9e du sultan Al\u2011Aschraf ne trouvera de r\u00e9pit qu\u2019apr\u00e8s avoir bout\u00e9 hors de Terre sainte l\u2019occupant chr\u00e9tien.<\/p>\n\n\n\n<p>En 1298, sept ann\u00e9es apr\u00e8s la reconqu\u00eate mahom\u00e9tane, le chevalier du Temple Guilhem de Champagne compara\u00eet devant le chapitre de l\u2019Ordre pour \u00eatre jug\u00e9 par ses fr\u00e8res. Il est le seul survivant de la prise de Saint\u2011Jean d\u2019Acre, soup\u00e7onn\u00e9 d\u2019avoir transgress\u00e9 la r\u00e8gle de l\u2019Ordre et reni\u00e9 sa foi. Sous les regards inquisiteurs des membres de sa confr\u00e9rie, le chevalier retrace le chemin qui l\u2019a conduit \u00e0 livrer bataille aux c\u00f4t\u00e9s de son intrigant mar\u00e9chal, Messire Pierre de Sevry.<\/p>\n\n\n\n<p class=\"has-text-align-left\" style=\"font-size:28px\"><strong>Les Fables Ludiques<\/strong> de Liane De Becker<\/p>\n\n\n<div class=\"wp-block-image\">\n<figure class=\"aligncenter size-full\"><img loading=\"lazy\" width=\"354\" height=\"566\" src=\"https:\/\/zabal.net\/wp-content\/uploads\/2024\/02\/COUV_FABLES_LUDIQUES.jpg\" alt=\"\" class=\"wp-image-187\" srcset=\"https:\/\/zabal.net\/wp-content\/uploads\/2024\/02\/COUV_FABLES_LUDIQUES.jpg 354w, https:\/\/zabal.net\/wp-content\/uploads\/2024\/02\/COUV_FABLES_LUDIQUES-188x300.jpg 188w\" sizes=\"(max-width: 354px) 100vw, 354px\" \/><\/figure><\/div>\n\n\n<p>Le 21 mai 1667, Louis le quatorzi\u00e8me se met en campagne. \u00c2g\u00e9 de vingt-neuf ans, fougueux et l\u2019esprit guerrier, le roi de France m\u00e8ne son arm\u00e9e en Flandre pour \u00e9tendre son royaume et affirmer son h\u00e9g\u00e9monie. Les soldats, sous les ordres de Turenne et Aumont, repoussent sans cesse la fronti\u00e8re des Pays-Bas espagnols. Les villes tombent une \u00e0 une, comme oubli\u00e9es par la couronne d\u2019Espagne.<\/p>\n\n\n\n<p>Au m\u00eame moment, \u00e0 quelques dizaines de kilom\u00e8tres des champs de bataille, Catherine de Latour, une jeune noble, refuse le mariage impos\u00e9 par son p\u00e8re et d\u00e9cide de quitter Arras, sa ville natale. Elle s\u2019enfuit pour Lille avec Roland, son ami d\u2019enfance, o\u00f9 elle esp\u00e8re concr\u00e9tiser ses r\u00eaves de jeune fille. Mais \u00e0 peine ont-ils franchi les portes de la cit\u00e9 que le gar\u00e7on est accus\u00e9 de vol d\u2019armes et est recherch\u00e9 par les autorit\u00e9s. Pour prouver son innocence, ils vont devoir r\u00e9soudre cette \u00e9trange affaire, \u00e9paul\u00e9s par des compagnons de route pour le moins inattendus\u2026<\/p>\n\n\n\n<p class=\"has-text-align-left\" style=\"font-size:28px\"><strong>Grim Ordeal<\/strong> de St\u00e9phane Chapuis<\/p>\n\n\n<div class=\"wp-block-image\">\n<figure class=\"aligncenter size-full\"><img loading=\"lazy\" width=\"354\" height=\"566\" src=\"https:\/\/zabal.net\/wp-content\/uploads\/2024\/02\/COUV_GRIM_ORDEAL.jpg\" alt=\"\" class=\"wp-image-190\" srcset=\"https:\/\/zabal.net\/wp-content\/uploads\/2024\/02\/COUV_GRIM_ORDEAL.jpg 354w, https:\/\/zabal.net\/wp-content\/uploads\/2024\/02\/COUV_GRIM_ORDEAL-188x300.jpg 188w\" sizes=\"(max-width: 354px) 100vw, 354px\" \/><\/figure><\/div>\n\n\n<p>Le 8 avril 1938, la deuxi\u00e8me guerre mondiale \u00e9clate en Europe. Profitant du d\u00e9sordre politique et militaire, l\u2019envahisseur nippon, qui r\u00eave secr\u00e8tement de conqu\u00e9rir la plan\u00e8te, lance ses premi\u00e8res offensives contre l\u2019Occident. Les d\u00e9g\u00e2ts humains et mat\u00e9riels sont sans pr\u00e9c\u00e9dent\u2009: l\u2019horreur s\u2019est install\u00e9e sur Terre.<\/p>\n\n\n\n<p>Sous l\u2019\u00e9gide de l\u2019Empire britannique et de son Supreme Leader, les forces alli\u00e9es r\u00e9sistent courageusement. Mais l\u2019ennemi, fort d\u2019une technologie de pointe et d\u2019armes chimiques redoutables, se r\u00e9v\u00e8le chaque jour plus imaginatif, plus meurtrier. Quatorze ans apr\u00e8s le d\u00e9but des hostilit\u00e9s, le conflit s\u2019est enlis\u00e9 et a fait des centaines de millions de morts. La guerre, telle une maladie incurable, gangr\u00e8ne le quotidien d\u2019une population d\u00e9j\u00e0 soumise \u00e0 de terribles restrictions.<\/p>\n\n\n\n<p>Percy ruthledge, jeune officier de la R.A.F., est envoy\u00e9 en mission sur le front du Cachemire britannique. Parti pour une simple inspection de routine, il va d\u00e9couvrir une inimaginable machine de guerre et vivre, dans les hauteurs himalayennes et en territoire ennemi, sa premi\u00e8re exp\u00e9rience de digne d\u00e9fenseur de l\u2019Occident chr\u00e9tien.<\/p>\n\n\n\n<p style=\"font-size:28px\"><strong>Les Loups des Steppes<\/strong> d&rsquo;Antoine Desroches<\/p>\n\n\n<div class=\"wp-block-image\">\n<figure class=\"aligncenter size-full\"><img loading=\"lazy\" width=\"400\" height=\"600\" src=\"https:\/\/zabal.net\/wp-content\/uploads\/2024\/02\/COUV_LOUPS_STEPPES.jpeg\" alt=\"\" class=\"wp-image-192\" srcset=\"https:\/\/zabal.net\/wp-content\/uploads\/2024\/02\/COUV_LOUPS_STEPPES.jpeg 400w, https:\/\/zabal.net\/wp-content\/uploads\/2024\/02\/COUV_LOUPS_STEPPES-200x300.jpeg 200w\" sizes=\"(max-width: 400px) 100vw, 400px\" \/><\/figure><\/div>\n\n\n<p>Un d\u00e9tachement militaire japonais envoy\u00e9 en mission diplomatique en Cor\u00e9e a \u00e9t\u00e9 massacr\u00e9 par une horde de barbares. Soldats et m\u00eame samoura\u00efs n&rsquo;ont pu stopper la fr\u00e9n\u00e9sie de la meute. Que veulent-ils, ces d\u00e9g\u00e9n\u00e9r\u00e9s ? Si la pr\u00e9sence des nomades en ces terres est habituelle, cette victoire et leur organisation inqui\u00e8tent le nouveau seigneur du Japon. Et puis, il y a ce chef, Li-Pao, le Loup Blanc. Un sauvage plus cruel encore que ses soldats, une b\u00eate sanguinaire qui semble \u00eatre \u00e0 leur t\u00eate. Ces fous scandent son nom, trois syllabes qui r\u00e9sonnent sans cesse sur les champs de bataille : Gengis Khan. Gengis Khan. Gengis Khan.<\/p>\n\n\n\n<p>Apr\u00e8s le r\u00e9cit, 65 pages pour d\u00e9couvrir le quotidien des Mongols du XIIe&nbsp;et XIIIe&nbsp;si\u00e8cles, leur histoire, leurs croyances, leurs guerres, le chamanisme&#8230;<\/p>\n\n\n\n<p>Puis choisissez parmi les six personnages propos\u00e9s et lancez-vous \u00e0 l&rsquo;aventure au coeur des steppes, en Sib\u00e9rie et aux portes de la Chine. De nombreuses heures de jeu en perspective et la possibilit\u00e9 de cr\u00e9er vos propres histoires.<\/p>\n\n\n\n<p>Pour commencer une partie, vous devrez vous munir d&rsquo;un d\u00e9 et photocopier les feuilles de personnages pr\u00e9sentes dans ce livre.<\/p>\n","protected":false},"excerpt":{"rendered":"<p>Pr\u00e9sentation de la collection Histoires \u00e0 suivre&#8230; Un roman, un univers et un jeu de r\u00f4les dans le m\u00eame livre. Combien d\u2019histoires nous ont fait r\u00eaver, depuis nos premiers souvenirs&hellip;<\/p>\n","protected":false},"author":1,"featured_media":202,"parent":0,"menu_order":0,"comment_status":"closed","ping_status":"closed","template":"template-simple-featured-image.php","meta":[],"_links":{"self":[{"href":"https:\/\/zabal.net\/index.php\/wp-json\/wp\/v2\/pages\/174"}],"collection":[{"href":"https:\/\/zabal.net\/index.php\/wp-json\/wp\/v2\/pages"}],"about":[{"href":"https:\/\/zabal.net\/index.php\/wp-json\/wp\/v2\/types\/page"}],"author":[{"embeddable":true,"href":"https:\/\/zabal.net\/index.php\/wp-json\/wp\/v2\/users\/1"}],"replies":[{"embeddable":true,"href":"https:\/\/zabal.net\/index.php\/wp-json\/wp\/v2\/comments?post=174"}],"version-history":[{"count":9,"href":"https:\/\/zabal.net\/index.php\/wp-json\/wp\/v2\/pages\/174\/revisions"}],"predecessor-version":[{"id":204,"href":"https:\/\/zabal.net\/index.php\/wp-json\/wp\/v2\/pages\/174\/revisions\/204"}],"wp:featuredmedia":[{"embeddable":true,"href":"https:\/\/zabal.net\/index.php\/wp-json\/wp\/v2\/media\/202"}],"wp:attachment":[{"href":"https:\/\/zabal.net\/index.php\/wp-json\/wp\/v2\/media?parent=174"}],"curies":[{"name":"wp","href":"https:\/\/api.w.org\/{rel}","templated":true}]}}