{"id":116,"date":"2004-06-13T11:09:00","date_gmt":"2004-06-13T09:09:00","guid":{"rendered":"https:\/\/zabal.net\/?page_id=116"},"modified":"2024-03-04T16:06:21","modified_gmt":"2024-03-04T15:06:21","slug":"derriere-le-masque","status":"publish","type":"page","link":"https:\/\/zabal.net\/index.php\/derriere-le-masque\/","title":{"rendered":"Derri\u00e8re le masque, un documentaire sur le jeu de r\u00f4les"},"content":{"rendered":"\n<p>R\u00e9alis\u00e9 en 2002 et 2003 avec de nombreux acteurs du milieu : Laurent Barbero, Tristan Lhomme, Didier Guiserix, Fran\u00e7ois-Marcela Froideval, Olivier Noel, Pierre Rosenthal, Jean Balczesak, Fr\u00e9d\u00e9ric Weil, Julien Blondel, Eric Oger&#8230;<\/p>\n\n\n\n<p class=\"has-text-align-left\">Partie sur table dirig\u00e9e par Antoine Davrou, avec Pierick Auger, J\u00e9r\u00f4me Thiery, Jean-Marie Renard, Thierry Blanc.<\/p>\n\n\n\n<p class=\"has-text-align-left\">Entretiens men\u00e9s par Laurent Debesse.<\/p>\n\n\n\n<figure class=\"wp-block-video\"><video controls src=\"https:\/\/www.zabal.net\/videos\/DLM.m4v\"><\/video><\/figure>\n\n\n\n<p>En 1974, Gary Gygax et son compatriote Dave Arneson imaginent un nouveau concept de jeu. Ils s\u2019inspirent des r\u00e8gles des wargames et se nourrissent de l\u2019oeuvre de Tolkien <em>Le seigneur des anneaux<\/em> pour cr\u00e9er <em>Dungeons &amp; Dragons<\/em>. Les deux hommes ouvrent la voie \u00e0 un nouveau loisir qui touchera rapidement le monde entier. Le jeu de r\u00f4les commence son envol\u00e9e.<\/p>\n\n\n<div class=\"wp-block-image\">\n<figure class=\"aligncenter size-full\"><img loading=\"lazy\" width=\"200\" height=\"330\" src=\"https:\/\/zabal.net\/wp-content\/uploads\/2024\/02\/DD-couve-boite-1er.jpg\" alt=\"\" class=\"wp-image-182\" srcset=\"https:\/\/zabal.net\/wp-content\/uploads\/2024\/02\/DD-couve-boite-1er.jpg 200w, https:\/\/zabal.net\/wp-content\/uploads\/2024\/02\/DD-couve-boite-1er-182x300.jpg 182w\" sizes=\"(max-width: 200px) 100vw, 200px\" \/><\/figure><\/div>\n\n\n<p><em>Dungeons &amp; Dragons<\/em> traverse l\u2019Atlantique et d\u00e9barque en France \u00e0 la fin des ann\u00e9es 70.<\/p>\n\n\n<div class=\"wp-block-image\">\n<figure class=\"aligncenter size-full\"><img loading=\"lazy\" width=\"200\" height=\"330\" src=\"https:\/\/zabal.net\/wp-content\/uploads\/2024\/02\/DD-box-1-3ed.jpg\" alt=\"\" class=\"wp-image-183\" srcset=\"https:\/\/zabal.net\/wp-content\/uploads\/2024\/02\/DD-box-1-3ed.jpg 200w, https:\/\/zabal.net\/wp-content\/uploads\/2024\/02\/DD-box-1-3ed-182x300.jpg 182w\" sizes=\"(max-width: 200px) 100vw, 200px\" \/><\/figure><\/div>\n\n\n<p>Le jeu est r\u00e9serv\u00e9 \u00e0 une \u00e9lite anglophone et se pratique essentiellement dans les grandes \u00e9coles. La popularit\u00e9 de <em>Dungeons &amp; Dragons<\/em> gagne l\u2019ext\u00e9rieur. De nouveaux clubs voient le jour et les joueurs se comptent par centaines, par milliers.&nbsp;Des magazines parlent de ce nouveau hobby \u00e0 la France enti\u00e8re. En 1980, le jeu de r\u00f4les est en passe de devenir un loisir populaire.<\/p>\n\n\n\n<p><\/p>\n","protected":false},"excerpt":{"rendered":"<p>R\u00e9alis\u00e9 en 2002 et 2003 avec de nombreux acteurs du milieu : Laurent Barbero, Tristan Lhomme, Didier Guiserix, Fran\u00e7ois-Marcela Froideval, Olivier Noel, Pierre Rosenthal, Jean Balczesak, Fr\u00e9d\u00e9ric Weil, Julien Blondel,&hellip;<\/p>\n","protected":false},"author":1,"featured_media":140,"parent":0,"menu_order":0,"comment_status":"open","ping_status":"closed","template":"template-simple-featured-image.php","meta":[],"_links":{"self":[{"href":"https:\/\/zabal.net\/index.php\/wp-json\/wp\/v2\/pages\/116"}],"collection":[{"href":"https:\/\/zabal.net\/index.php\/wp-json\/wp\/v2\/pages"}],"about":[{"href":"https:\/\/zabal.net\/index.php\/wp-json\/wp\/v2\/types\/page"}],"author":[{"embeddable":true,"href":"https:\/\/zabal.net\/index.php\/wp-json\/wp\/v2\/users\/1"}],"replies":[{"embeddable":true,"href":"https:\/\/zabal.net\/index.php\/wp-json\/wp\/v2\/comments?post=116"}],"version-history":[{"count":12,"href":"https:\/\/zabal.net\/index.php\/wp-json\/wp\/v2\/pages\/116\/revisions"}],"predecessor-version":[{"id":200,"href":"https:\/\/zabal.net\/index.php\/wp-json\/wp\/v2\/pages\/116\/revisions\/200"}],"wp:featuredmedia":[{"embeddable":true,"href":"https:\/\/zabal.net\/index.php\/wp-json\/wp\/v2\/media\/140"}],"wp:attachment":[{"href":"https:\/\/zabal.net\/index.php\/wp-json\/wp\/v2\/media?parent=116"}],"curies":[{"name":"wp","href":"https:\/\/api.w.org\/{rel}","templated":true}]}}